{"id":5422,"date":"2024-08-23T08:47:22","date_gmt":"2024-08-23T06:47:22","guid":{"rendered":"https:\/\/moniter.pl\/blog\/?post_type=product&#038;p=5422"},"modified":"2025-05-02T12:01:51","modified_gmt":"2025-05-02T10:01:51","slug":"akademia-flipowania-monitera-2-0","status":"publish","type":"product","link":"https:\/\/moniter.pl\/blog\/produkt\/akademia-flipowania-monitera-2-0\/","title":{"rendered":"Akademia Flipowania Monitera 2.0"},"content":{"rendered":"<div class=\"\">Akademia Flipowania Monitera<span class=\"\">\u00a0jest dla Ciebie je\u015bli:<\/span><br class=\"\" \/><br class=\"\" \/><\/p>\n<ul class=\"\">\n<li class=\"\"><span class=\"\">Chcesz zacz\u0105\u0107,<\/span>\u00a0ale brakuje Ci 'tego czego\u015b&#8217; by w\u0142a\u015bciwie wybra\u0107 nieruchomo\u015b\u0107 na flipa.<\/li>\n<li class=\"\"><span class=\"\">Masz ju\u017c nieruchomo\u015bci<\/span>\u00a0lub jeste\u015b w trakcie flipa, ale 'co\u015b posz\u0142o nie tak&#8217; i Twoje mieszkanie stoi niesprzedane.<\/li>\n<li class=\"\"><span class=\"\">Chcesz przej\u015b\u0107 na 'wy\u017cszy poziom&#8217;<\/span>\u00a0flipowania hurtowego<\/li>\n<li class=\"\"><span class=\"\">Jeste\u015b po szkoleniu stacjonarnym<\/span>, ale brak praktyki uniemo\u017cliwia Ci dzia\u0142anie.<\/li>\n<\/ul>\n<\/div>\n<p><br class=\"\" \/><span class=\"\"><b class=\"\">Tylko\u00a010 osobom\u00a0poka\u017cemy krok po kroku, jak zrealizowa\u0107 sw\u00f3j cel\u00a0zgodny z zindywidualizowan\u0105 strategi\u0105\u00a0(start bez kapita\u0142u, start z kapita\u0142em, robienie flip\u00f3w z maksymalnym zyskiem, czy budowanie portfela na wynajem).<br class=\"\" \/><br class=\"\" \/>\u015arednio nasi absolwenci zarabiaj\u0105\u00a0od 30 do ponad 150 tys z\u0142 na pojedynczej transakcji.\u00a0Nie przegap tej okazji i b\u0105d\u017a jednym z nich! To w\u0142a\u015bnie dzi\u0119ki feedbackowi tych os\u00f3b powsta\u0142a ta edycja.<\/b><\/span><\/p>\n<p><b>W skr\u00f3cie Akademia Monitera 2.0 to:<br \/>\n\u2714\ufe0f Wyznaczony zindywidualizowany plan dzia\u0142ania<br \/>\n\u2714\ufe0f Sprawdzanie rezultat\u00f3w i konsultacja post\u0119p\u00f3w z ekspertem<br \/>\n\u2714\ufe0f \u0106wiczenia i praktyka<br \/>\n\u2714\ufe0f Przydatne narz\u0119dzia:<br \/>\n<\/b><\/p>\n<ul>\n<li dir=\"ltr\" aria-level=\"1\"><span class=\"\">FlipPlaner<\/span><\/li>\n<li dir=\"ltr\" aria-level=\"1\"><span class=\"\">Dost\u0119p do monitera PRO &#8211; aplikacji nr #1 wyszukuj\u0105cej mieszkania poni\u017cej warto\u015bci rynkowej<\/span><\/li>\n<li dir=\"ltr\" aria-level=\"1\">Dokumenty i checklisty<\/li>\n<\/ul>\n<p><b>\u2714\ufe0f Cykliczne spotkania z do\u015bwiadczonymi praktykami na rynku<br \/>\n\u2714\ufe0f Dost\u0119p do grupy mastermindowej<\/b><\/p>\n","protected":false},"excerpt":{"rendered":"<div class=\"\"><span class=\"\">Akademia to\u00a0<\/span><span class=\"\">3 miesi\u0105ce intensywnej pracy z expertem<\/span><span class=\"\">, kt\u00f3ra daje<\/span><span class=\"\">\u00a0z<\/span><span class=\"\">na<\/span><span class=\"\">cznie lepsze efekty ni\u017c najlepsze kilkudniowe szkolenie stacjonarne.\u00a0Tu liczy si\u0119 praktyka.<\/span><\/div>\n<div class=\"\"><span class=\"\"><br class=\"\" \/>Je\u015bli szukasz\u00a0szkolenia z inwestycji w nieruchomo\u015bci, kt\u00f3re:<br class=\"\" \/><br class=\"\" \/><\/span><\/div>\n<ul class=\"\">\n<li class=\"\"><span class=\"\"><strong class=\"\">jest tylko dla Ciebie<\/strong>\u00a0\u2013 nie dla mas \u2013 bo jest prowadzone indywidualnie przez eksperta, i\u00a0tworzymy\u00a0Tw\u00f3j indywidualny plan<\/span><\/li>\n<li class=\"\"><span class=\"\">zapewni Ci\u00a0<strong class=\"\">100% warto\u015bciowych konkret\u00f3w<\/strong>,<\/span><\/li>\n<li class=\"\"><span class=\"\">nauczy Ci\u0119,\u00a0<strong class=\"\">jak inwestowa\u0107 skutecznie i d\u0142ugofalowo<\/strong>,<\/span><\/li>\n<\/ul>\n<p>&nbsp;<\/p>\n","protected":false},"featured_media":2677,"template":"","meta":[],"product_brand":[],"product_cat":[38],"product_tag":[],"class_list":{"0":"post-5422","1":"product","2":"type-product","3":"status-publish","4":"has-post-thumbnail","6":"product_cat-edu","8":"first","9":"instock","10":"sale","11":"virtual","12":"taxable","13":"purchasable","14":"product-type-simple"},"_links":{"self":[{"href":"https:\/\/moniter.pl\/blog\/wp-json\/wp\/v2\/product\/5422","targetHints":{"allow":["GET"]}}],"collection":[{"href":"https:\/\/moniter.pl\/blog\/wp-json\/wp\/v2\/product"}],"about":[{"href":"https:\/\/moniter.pl\/blog\/wp-json\/wp\/v2\/types\/product"}],"version-history":[{"count":1,"href":"https:\/\/moniter.pl\/blog\/wp-json\/wp\/v2\/product\/5422\/revisions"}],"predecessor-version":[{"id":5423,"href":"https:\/\/moniter.pl\/blog\/wp-json\/wp\/v2\/product\/5422\/revisions\/5423"}],"wp:featuredmedia":[{"embeddable":true,"href":"https:\/\/moniter.pl\/blog\/wp-json\/wp\/v2\/media\/2677"}],"wp:attachment":[{"href":"https:\/\/moniter.pl\/blog\/wp-json\/wp\/v2\/media?parent=5422"}],"wp:term":[{"taxonomy":"product_brand","embeddable":true,"href":"https:\/\/moniter.pl\/blog\/wp-json\/wp\/v2\/product_brand?post=5422"},{"taxonomy":"product_cat","embeddable":true,"href":"https:\/\/moniter.pl\/blog\/wp-json\/wp\/v2\/product_cat?post=5422"},{"taxonomy":"product_tag","embeddable":true,"href":"https:\/\/moniter.pl\/blog\/wp-json\/wp\/v2\/product_tag?post=5422"}],"curies":[{"name":"wp","href":"https:\/\/api.w.org\/{rel}","templated":true}]}}