{"id":3459,"date":"2023-03-15T10:24:20","date_gmt":"2023-03-15T09:24:20","guid":{"rendered":"https:\/\/moniter.pl\/blog\/?post_type=product&#038;p=3459"},"modified":"2023-08-13T13:56:29","modified_gmt":"2023-08-13T11:56:29","slug":"certyfikat-energetyczny-domu","status":"publish","type":"product","link":"https:\/\/moniter.pl\/blog\/produkt\/certyfikat-energetyczny-domu\/","title":{"rendered":"Certyfikat Energetyczny Domu -1szt."},"content":{"rendered":"<p>Certyfikat energetyczny domu zawiera informacje dotycz\u0105ce zu\u017cycia energii w budynku oraz jego efektywno\u015bci energetycznej. Na podstawie tych informacji mo\u017cna oceni\u0107, jakie koszty eksploatacji budynku poniesie jego w\u0142a\u015bciciel oraz jakie \u015brodki mo\u017cna podj\u0105\u0107 w celu zwi\u0119kszenia jego efektywno\u015bci energetycznej i zmniejszenia zu\u017cycia energii.<\/p>\n<p>Certyfikat energetyczny jest obowi\u0105zkowy przy sprzeda\u017cy lub wynajmie budynku.<\/p>\n<p><strong>Nasze certyfikaty s\u0105 wykonywane przez uprawnionego certyfikatora i s\u0105 wpisywane do systemu ministerialnego ! Ka\u017cdy certyfikat posiada sw\u00f3j unikalny numer.<\/strong><\/p>\n<div><b>Cena za certyfikat obejmuje:\u00a0<\/b><\/div>\n<div>&#8211; Wykonanie certyfikatu na podstawie dostarczonych danych zgodnie z instrukcj\u0105:\u00a0<a href=\"https:\/\/moniter.pl\/blog\/instrukcja\/\" target=\"_blank\" rel=\"noopener\" data-saferedirecturl=\"https:\/\/www.google.com\/url?q=https:\/\/moniter.pl\/blog\/instrukcja\/&amp;source=gmail&amp;ust=1678959921531000&amp;usg=AOvVaw0fQ390XTInc2xlvtTgd6fw\">https:\/\/moniter.<wbr \/>pl\/blog\/instrukcja\/<\/a><\/div>\n<div>&#8211;\u00a0<u>Wpis do systemu ministerialnego<\/u>\u00a0i nadanie numeru \u015bwiadectwa.<\/div>\n<div>&#8211; Wersj\u0119 elektroniczn\u0105 certyfikatu wraz z potwierdzeniem wpisu<\/div>\n<div>&#8211; 2 egzemplarze w wersji papierowej podbite przez certyfikatora<\/div>\n<div>&#8211; Wysy\u0142k\u0119 na adres odbiorcy<\/div>\n<div>&#8211; Podatek VAT 23%<\/div>\n","protected":false},"excerpt":{"rendered":"<p>Certyfikat energetyczny domu zawiera informacje dotycz\u0105ce zu\u017cycia energii w budynku oraz jego efektywno\u015bci energetycznej. Na podstawie tych informacji mo\u017cna oceni\u0107, jakie koszty eksploatacji budynku poniesie jego w\u0142a\u015bciciel oraz jakie \u015brodki mo\u017cna podj\u0105\u0107 w celu zwi\u0119kszenia jego efektywno\u015bci energetycznej i zmniejszenia zu\u017cycia energii. Certyfikat energetyczny jest obowi\u0105zkowy przy sprzeda\u017cy lub wynajmie budynku. Nasze certyfikaty s\u0105 wykonywane [&hellip;]<\/p>\n","protected":false},"featured_media":2678,"template":"","meta":[],"product_brand":[],"product_cat":[51],"product_tag":[],"class_list":{"0":"post-3459","1":"product","2":"type-product","3":"status-publish","4":"has-post-thumbnail","6":"product_cat-certyfikat","7":"product_shipping_class-certyfikaty","9":"first","10":"instock","11":"sale","12":"taxable","13":"shipping-taxable","14":"purchasable","15":"product-type-simple"},"_links":{"self":[{"href":"https:\/\/moniter.pl\/blog\/wp-json\/wp\/v2\/product\/3459","targetHints":{"allow":["GET"]}}],"collection":[{"href":"https:\/\/moniter.pl\/blog\/wp-json\/wp\/v2\/product"}],"about":[{"href":"https:\/\/moniter.pl\/blog\/wp-json\/wp\/v2\/types\/product"}],"version-history":[{"count":3,"href":"https:\/\/moniter.pl\/blog\/wp-json\/wp\/v2\/product\/3459\/revisions"}],"predecessor-version":[{"id":3462,"href":"https:\/\/moniter.pl\/blog\/wp-json\/wp\/v2\/product\/3459\/revisions\/3462"}],"wp:featuredmedia":[{"embeddable":true,"href":"https:\/\/moniter.pl\/blog\/wp-json\/wp\/v2\/media\/2678"}],"wp:attachment":[{"href":"https:\/\/moniter.pl\/blog\/wp-json\/wp\/v2\/media?parent=3459"}],"wp:term":[{"taxonomy":"product_brand","embeddable":true,"href":"https:\/\/moniter.pl\/blog\/wp-json\/wp\/v2\/product_brand?post=3459"},{"taxonomy":"product_cat","embeddable":true,"href":"https:\/\/moniter.pl\/blog\/wp-json\/wp\/v2\/product_cat?post=3459"},{"taxonomy":"product_tag","embeddable":true,"href":"https:\/\/moniter.pl\/blog\/wp-json\/wp\/v2\/product_tag?post=3459"}],"curies":[{"name":"wp","href":"https:\/\/api.w.org\/{rel}","templated":true}]}}