{"id":3177,"date":"2023-02-11T10:34:21","date_gmt":"2023-02-11T09:34:21","guid":{"rendered":"https:\/\/moniter.pl\/blog\/?post_type=product&#038;p=3177"},"modified":"2025-11-18T21:22:38","modified_gmt":"2025-11-18T20:22:38","slug":"umowa-rezerwacyjna","status":"publish","type":"product","link":"https:\/\/moniter.pl\/blog\/produkt\/umowa-rezerwacyjna\/","title":{"rendered":"Umowa rezerwacyjna z cesj\u0105"},"content":{"rendered":"<p>Umowa rezerwacyjna z cesj\u0105 to podstawa ka\u017cdego inwestora. Zawsze mamy wydrukowane kilka egzemplarzy i &#8222;na wszelki wypadek&#8221; wozimy w aucie. Naprawd\u0119 okazyjna nieruchomo\u015b\u0107 wymaga rezerwacji tu i teraz, przeci\u0105gni\u0119cie tego kluczowego momentu mo\u017ce spowodowa\u0107, \u017ce nieruchomo\u015b\u0107 zarezerwuje kto\u015b inny. Dodatkowo ta umowa pozwala na cesj\u0119 praw na dowoln\u0105 osob\u0119, lub firm\u0119, w przypadku przekazania rezerwowanej okazji np. Inwestorowi.<\/p>\n","protected":false},"excerpt":{"rendered":"<p>Umowa rezerwacyjna z cesj\u0105 to podstawa ka\u017cdego inwestora. Zawsze mamy wydrukowane kilka egzemplarzy i &#8222;na wszelki wypadek&#8221; wozimy w aucie. Naprawd\u0119 okazyjna nieruchomo\u015b\u0107 wymaga rezerwacji tu i teraz, przeci\u0105gni\u0119cie tego kluczowego momentu mo\u017ce spowodowa\u0107, \u017ce nieruchomo\u015b\u0107 zarezerwuje kto\u015b inny. Dodatkowo ta umowa pozwala na cesj\u0119 praw na dowoln\u0105 osob\u0119, lub firm\u0119, w przypadku przekazania rezerwowanej [&hellip;]<\/p>\n","protected":false},"featured_media":1808,"template":"","meta":[],"product_brand":[],"product_cat":[38],"product_tag":[],"class_list":{"0":"post-3177","1":"product","2":"type-product","3":"status-publish","4":"has-post-thumbnail","6":"product_cat-edu","8":"first","9":"instock","10":"downloadable","11":"virtual","12":"taxable","13":"purchasable","14":"product-type-simple"},"_links":{"self":[{"href":"https:\/\/moniter.pl\/blog\/wp-json\/wp\/v2\/product\/3177","targetHints":{"allow":["GET"]}}],"collection":[{"href":"https:\/\/moniter.pl\/blog\/wp-json\/wp\/v2\/product"}],"about":[{"href":"https:\/\/moniter.pl\/blog\/wp-json\/wp\/v2\/types\/product"}],"version-history":[{"count":1,"href":"https:\/\/moniter.pl\/blog\/wp-json\/wp\/v2\/product\/3177\/revisions"}],"predecessor-version":[{"id":3180,"href":"https:\/\/moniter.pl\/blog\/wp-json\/wp\/v2\/product\/3177\/revisions\/3180"}],"wp:featuredmedia":[{"embeddable":true,"href":"https:\/\/moniter.pl\/blog\/wp-json\/wp\/v2\/media\/1808"}],"wp:attachment":[{"href":"https:\/\/moniter.pl\/blog\/wp-json\/wp\/v2\/media?parent=3177"}],"wp:term":[{"taxonomy":"product_brand","embeddable":true,"href":"https:\/\/moniter.pl\/blog\/wp-json\/wp\/v2\/product_brand?post=3177"},{"taxonomy":"product_cat","embeddable":true,"href":"https:\/\/moniter.pl\/blog\/wp-json\/wp\/v2\/product_cat?post=3177"},{"taxonomy":"product_tag","embeddable":true,"href":"https:\/\/moniter.pl\/blog\/wp-json\/wp\/v2\/product_tag?post=3177"}],"curies":[{"name":"wp","href":"https:\/\/api.w.org\/{rel}","templated":true}]}}