{"id":2920,"date":"2023-02-01T11:00:39","date_gmt":"2023-02-01T10:00:39","guid":{"rendered":"https:\/\/moniter.pl\/blog\/?post_type=product&#038;p=2920"},"modified":"2023-08-13T13:56:29","modified_gmt":"2023-08-13T11:56:29","slug":"pelnomocnictwo-do-umowy-o-zarzadzanie-oswiadczenie-o-podatku","status":"publish","type":"product","link":"https:\/\/moniter.pl\/blog\/produkt\/pelnomocnictwo-do-umowy-o-zarzadzanie-oswiadczenie-o-podatku\/","title":{"rendered":"Pe\u0142nomocnictwo do umowy o zarz\u0105dzanie + o\u015bwiadczenie o podatku"},"content":{"rendered":"<p>Uzupe\u0142niaj\u0105cym produktem do umowy o zarz\u0105dzanie jest pe\u0142nomocnictwo, za pomoc\u0105 kt\u00f3rego mo\u017cemy reprezentowa\u0107 naszego klienta przed wsp\u00f3lnotami, i sp\u00f3\u0142dzielniami. Odpowiednio napisane pozwala nam na odpowiednie rozliczanie medi\u00f3w z czynsz\u00f3w, oraz pozwala na sprawne zg\u0142aszanie usterek w nieruchomo\u015bci wsp\u00f3lnej, bez konieczno\u015bci interwencji ze strony w\u0142a\u015bciciela. Pe\u0142nomocnictwo pozwala na jeszcze lepsz\u0105, bezobs\u0142ugow\u0105 dla w\u0142a\u015bciciela opiek\u0119 nad nieruchomo\u015bci\u0105.<\/p>\n<p>Dodatkowo istotn\u0105 spraw\u0105 przy zarz\u0105dzaniu jest informacja na temat formy opodatkowania jak\u0105 stosuje w\u0142a\u015bciciel, tak aby ustawi\u0107 system fakturowania, oraz w\u0142asn\u0105 ksi\u0119gowo\u015b\u0107 pod odpowiedni typ rozlicze\u0144. Zbi\u00f3r tych informacji znajduje si\u0119 w za\u0142\u0105czonym w tym produkcie wzorze o\u015bwiadczenia.<\/p>\n<p>Zakupione dokumenty s\u0105 w formie PDF, a tak\u017ce edytowalnej WORD (format .docx)<\/p>\n","protected":false},"excerpt":{"rendered":"<p>Uzupe\u0142niaj\u0105cym produktem do umowy o zarz\u0105dzanie jest pe\u0142nomocnictwo, za pomoc\u0105 kt\u00f3rego mo\u017cemy reprezentowa\u0107 naszego klienta przed wsp\u00f3lnotami, i sp\u00f3\u0142dzielniami. Odpowiednio napisane pozwala nam na odpowiednie rozliczanie medi\u00f3w z czynsz\u00f3w, oraz pozwala na sprawne zg\u0142aszanie usterek w nieruchomo\u015bci wsp\u00f3lnej, bez konieczno\u015bci interwencji ze strony w\u0142a\u015bciciela. Pe\u0142nomocnictwo pozwala na jeszcze lepsz\u0105, bezobs\u0142ugow\u0105 dla w\u0142a\u015bciciela opiek\u0119 nad nieruchomo\u015bci\u0105. [&hellip;]<\/p>\n","protected":false},"featured_media":1808,"template":"","meta":[],"product_brand":[],"product_cat":[38],"product_tag":[],"class_list":{"0":"post-2920","1":"product","2":"type-product","3":"status-publish","4":"has-post-thumbnail","6":"product_cat-edu","8":"first","9":"instock","10":"sale","11":"downloadable","12":"virtual","13":"taxable","14":"purchasable","15":"product-type-simple"},"_links":{"self":[{"href":"https:\/\/moniter.pl\/blog\/wp-json\/wp\/v2\/product\/2920","targetHints":{"allow":["GET"]}}],"collection":[{"href":"https:\/\/moniter.pl\/blog\/wp-json\/wp\/v2\/product"}],"about":[{"href":"https:\/\/moniter.pl\/blog\/wp-json\/wp\/v2\/types\/product"}],"version-history":[{"count":1,"href":"https:\/\/moniter.pl\/blog\/wp-json\/wp\/v2\/product\/2920\/revisions"}],"predecessor-version":[{"id":2923,"href":"https:\/\/moniter.pl\/blog\/wp-json\/wp\/v2\/product\/2920\/revisions\/2923"}],"wp:featuredmedia":[{"embeddable":true,"href":"https:\/\/moniter.pl\/blog\/wp-json\/wp\/v2\/media\/1808"}],"wp:attachment":[{"href":"https:\/\/moniter.pl\/blog\/wp-json\/wp\/v2\/media?parent=2920"}],"wp:term":[{"taxonomy":"product_brand","embeddable":true,"href":"https:\/\/moniter.pl\/blog\/wp-json\/wp\/v2\/product_brand?post=2920"},{"taxonomy":"product_cat","embeddable":true,"href":"https:\/\/moniter.pl\/blog\/wp-json\/wp\/v2\/product_cat?post=2920"},{"taxonomy":"product_tag","embeddable":true,"href":"https:\/\/moniter.pl\/blog\/wp-json\/wp\/v2\/product_tag?post=2920"}],"curies":[{"name":"wp","href":"https:\/\/api.w.org\/{rel}","templated":true}]}}