{"id":2792,"date":"2023-01-30T13:41:18","date_gmt":"2023-01-30T12:41:18","guid":{"rendered":"https:\/\/moniter.pl\/blog\/?post_type=product&#038;p=2792"},"modified":"2023-08-13T13:56:29","modified_gmt":"2023-08-13T11:56:29","slug":"certyfikat-energetyczny-mieszkania","status":"publish","type":"product","link":"https:\/\/moniter.pl\/blog\/produkt\/certyfikat-energetyczny-mieszkania\/","title":{"rendered":"Certyfikat Energetyczny Mieszkania"},"content":{"rendered":"<p>Certyfikat energetyczny jest obowi\u0105zkowy przy sprzeda\u017cy lub wynajmie.<\/p>\n<p><strong>Nasze certyfikaty s\u0105 wykonywane przez uprawnionego certyfikatora i s\u0105 wpisywane do systemu ministerialnego ! Ka\u017cdy certyfikat posiada sw\u00f3j unikalny numer.<\/strong><\/p>\n<div><b>Cena za certyfikat obejmuje:\u00a0<\/b><\/div>\n<div>&#8211; <strong>Wykonanie certyfikatu dla mieszkania <\/strong>na podstawie dostarczonych danych zgodnie z instrukcj\u0105: <a href=\"https:\/\/moniter.pl\/blog\/instrukcja\/\" target=\"_blank\" rel=\"noopener\" data-saferedirecturl=\"https:\/\/www.google.com\/url?q=https:\/\/moniter.pl\/blog\/instrukcja\/&amp;source=gmail&amp;ust=1678959921531000&amp;usg=AOvVaw0fQ390XTInc2xlvtTgd6fw\">https:\/\/moniter.<wbr \/>pl\/blog\/instrukcja\/<\/a><\/div>\n<div>&#8211;\u00a0<u>Wpis do systemu ministerialnego<\/u>\u00a0i nadanie numeru \u015bwiadectwa.<\/div>\n<div>&#8211; Wersj\u0119 elektroniczn\u0105 certyfikatu wraz z potwierdzeniem wpisu<\/div>\n<div>&#8211; 2 egzemplarze w wersji papierowej podbite przez certyfikatora<\/div>\n<div>&#8211; Wysy\u0142k\u0119 na adres odbiorcy<\/div>\n<div>&#8211; Podatek VAT 23%<\/div>\n","protected":false},"excerpt":{"rendered":"<p>Certyfikat energetyczny jest obowi\u0105zkowy przy sprzeda\u017cy lub wynajmie. Nasze certyfikaty s\u0105 wykonywane przez uprawnionego certyfikatora i s\u0105 wpisywane do systemu ministerialnego ! Ka\u017cdy certyfikat posiada sw\u00f3j unikalny numer. Cena za certyfikat obejmuje:\u00a0 &#8211; Wykonanie certyfikatu dla mieszkania na podstawie dostarczonych danych zgodnie z instrukcj\u0105: https:\/\/moniter.pl\/blog\/instrukcja\/ &#8211;\u00a0Wpis do systemu ministerialnego\u00a0i nadanie numeru \u015bwiadectwa. &#8211; Wersj\u0119 elektroniczn\u0105 [&hellip;]<\/p>\n","protected":false},"featured_media":2678,"template":"","meta":[],"product_brand":[],"product_cat":[51],"product_tag":[],"class_list":{"0":"post-2792","1":"product","2":"type-product","3":"status-publish","4":"has-post-thumbnail","6":"product_cat-certyfikat","7":"product_shipping_class-certyfikaty","9":"first","10":"instock","11":"sale","12":"featured","13":"taxable","14":"shipping-taxable","15":"purchasable","16":"product-type-simple"},"_links":{"self":[{"href":"https:\/\/moniter.pl\/blog\/wp-json\/wp\/v2\/product\/2792","targetHints":{"allow":["GET"]}}],"collection":[{"href":"https:\/\/moniter.pl\/blog\/wp-json\/wp\/v2\/product"}],"about":[{"href":"https:\/\/moniter.pl\/blog\/wp-json\/wp\/v2\/types\/product"}],"version-history":[{"count":2,"href":"https:\/\/moniter.pl\/blog\/wp-json\/wp\/v2\/product\/2792\/revisions"}],"predecessor-version":[{"id":3468,"href":"https:\/\/moniter.pl\/blog\/wp-json\/wp\/v2\/product\/2792\/revisions\/3468"}],"wp:featuredmedia":[{"embeddable":true,"href":"https:\/\/moniter.pl\/blog\/wp-json\/wp\/v2\/media\/2678"}],"wp:attachment":[{"href":"https:\/\/moniter.pl\/blog\/wp-json\/wp\/v2\/media?parent=2792"}],"wp:term":[{"taxonomy":"product_brand","embeddable":true,"href":"https:\/\/moniter.pl\/blog\/wp-json\/wp\/v2\/product_brand?post=2792"},{"taxonomy":"product_cat","embeddable":true,"href":"https:\/\/moniter.pl\/blog\/wp-json\/wp\/v2\/product_cat?post=2792"},{"taxonomy":"product_tag","embeddable":true,"href":"https:\/\/moniter.pl\/blog\/wp-json\/wp\/v2\/product_tag?post=2792"}],"curies":[{"name":"wp","href":"https:\/\/api.w.org\/{rel}","templated":true}]}}