{"id":2109,"date":"2022-12-19T14:02:28","date_gmt":"2022-12-19T13:02:28","guid":{"rendered":"https:\/\/moniter.pl\/blog\/?post_type=product&#038;p=2109"},"modified":"2025-12-24T12:13:41","modified_gmt":"2025-12-24T11:13:41","slug":"voucher-podarunkowy-300","status":"publish","type":"product","link":"https:\/\/moniter.pl\/blog\/produkt\/voucher-podarunkowy-300\/","title":{"rendered":"Voucher Podarunkowy 300 z\u0142"},"content":{"rendered":"<p>Voucher o warto\u015bci 300z\u0142<\/p>\n","protected":false},"excerpt":{"rendered":"<p>Voucher o warto\u015bci 300z\u0142<\/p>\n","protected":false},"featured_media":1802,"template":"","meta":[],"product_brand":[],"product_cat":[46],"product_tag":[],"class_list":{"0":"post-2109","1":"product","2":"type-product","3":"status-publish","4":"has-post-thumbnail","6":"product_cat-vouchery","8":"first","9":"instock","10":"virtual","11":"taxable","12":"purchasable","13":"product-type-simple"},"_links":{"self":[{"href":"https:\/\/moniter.pl\/blog\/wp-json\/wp\/v2\/product\/2109","targetHints":{"allow":["GET"]}}],"collection":[{"href":"https:\/\/moniter.pl\/blog\/wp-json\/wp\/v2\/product"}],"about":[{"href":"https:\/\/moniter.pl\/blog\/wp-json\/wp\/v2\/types\/product"}],"version-history":[{"count":1,"href":"https:\/\/moniter.pl\/blog\/wp-json\/wp\/v2\/product\/2109\/revisions"}],"predecessor-version":[{"id":4189,"href":"https:\/\/moniter.pl\/blog\/wp-json\/wp\/v2\/product\/2109\/revisions\/4189"}],"wp:featuredmedia":[{"embeddable":true,"href":"https:\/\/moniter.pl\/blog\/wp-json\/wp\/v2\/media\/1802"}],"wp:attachment":[{"href":"https:\/\/moniter.pl\/blog\/wp-json\/wp\/v2\/media?parent=2109"}],"wp:term":[{"taxonomy":"product_brand","embeddable":true,"href":"https:\/\/moniter.pl\/blog\/wp-json\/wp\/v2\/product_brand?post=2109"},{"taxonomy":"product_cat","embeddable":true,"href":"https:\/\/moniter.pl\/blog\/wp-json\/wp\/v2\/product_cat?post=2109"},{"taxonomy":"product_tag","embeddable":true,"href":"https:\/\/moniter.pl\/blog\/wp-json\/wp\/v2\/product_tag?post=2109"}],"curies":[{"name":"wp","href":"https:\/\/api.w.org\/{rel}","templated":true}]}}