{"id":1391,"date":"2022-05-27T21:33:04","date_gmt":"2022-05-27T19:33:04","guid":{"rendered":"https:\/\/moniter.pl\/blog\/?post_type=product&#038;p=1391"},"modified":"2023-10-18T10:02:28","modified_gmt":"2023-10-18T08:02:28","slug":"umowa-zlecenia-remontu","status":"publish","type":"product","link":"https:\/\/moniter.pl\/blog\/produkt\/umowa-zlecenia-remontu\/","title":{"rendered":"Umowa zlecenia remontu"},"content":{"rendered":"<p>Umowa remontowa to klucz do zachowania przejrzysto\u015bci i zmniejszenia ryzyka w czasie inwestycji. W naszej umowie zawarli\u015bmy wszystkie najbardziej kluczowe kwestie, kt\u00f3re mog\u0105 zaoszcz\u0119dzi\u0107 nam dziesi\u0105tki tysi\u0119cy z\u0142otych, oraz przede wszystkim mn\u00f3stwo nerw\u00f3w z ekipami remontowymi. Dobra umowa to Twoje zabezpieczenie przed nierzetelno\u015bci\u0105, nieterminowo\u015bci\u0105, oraz nieuczciwo\u015bci\u0105 wykonawc\u00f3w.<\/p>\n","protected":false},"excerpt":{"rendered":"<p>Umowa remontowa to klucz do zachowania przejrzysto\u015bci i zmniejszenia ryzyka w czasie inwestycji. W naszej umowie zawarli\u015bmy wszystkie najbardziej kluczowe kwestie, kt\u00f3re mog\u0105 zaoszcz\u0119dzi\u0107 nam dziesi\u0105tki tysi\u0119cy z\u0142otych, oraz przede wszystkim mn\u00f3stwo nerw\u00f3w z ekipami remontowymi. Dobra umowa to Twoje zabezpieczenie przed nierzetelno\u015bci\u0105, nieterminowo\u015bci\u0105, oraz nieuczciwo\u015bci\u0105 wykonawc\u00f3w.<\/p>\n","protected":false},"featured_media":1808,"template":"","meta":[],"product_brand":[],"product_cat":[38],"product_tag":[],"class_list":{"0":"post-1391","1":"product","2":"type-product","3":"status-publish","4":"has-post-thumbnail","6":"product_cat-edu","8":"first","9":"instock","10":"downloadable","11":"virtual","12":"taxable","13":"purchasable","14":"product-type-simple"},"_links":{"self":[{"href":"https:\/\/moniter.pl\/blog\/wp-json\/wp\/v2\/product\/1391","targetHints":{"allow":["GET"]}}],"collection":[{"href":"https:\/\/moniter.pl\/blog\/wp-json\/wp\/v2\/product"}],"about":[{"href":"https:\/\/moniter.pl\/blog\/wp-json\/wp\/v2\/types\/product"}],"version-history":[{"count":2,"href":"https:\/\/moniter.pl\/blog\/wp-json\/wp\/v2\/product\/1391\/revisions"}],"predecessor-version":[{"id":4192,"href":"https:\/\/moniter.pl\/blog\/wp-json\/wp\/v2\/product\/1391\/revisions\/4192"}],"wp:featuredmedia":[{"embeddable":true,"href":"https:\/\/moniter.pl\/blog\/wp-json\/wp\/v2\/media\/1808"}],"wp:attachment":[{"href":"https:\/\/moniter.pl\/blog\/wp-json\/wp\/v2\/media?parent=1391"}],"wp:term":[{"taxonomy":"product_brand","embeddable":true,"href":"https:\/\/moniter.pl\/blog\/wp-json\/wp\/v2\/product_brand?post=1391"},{"taxonomy":"product_cat","embeddable":true,"href":"https:\/\/moniter.pl\/blog\/wp-json\/wp\/v2\/product_cat?post=1391"},{"taxonomy":"product_tag","embeddable":true,"href":"https:\/\/moniter.pl\/blog\/wp-json\/wp\/v2\/product_tag?post=1391"}],"curies":[{"name":"wp","href":"https:\/\/api.w.org\/{rel}","templated":true}]}}