{"id":1389,"date":"2022-05-27T21:25:18","date_gmt":"2022-05-27T19:25:18","guid":{"rendered":"https:\/\/moniter.pl\/blog\/?post_type=product&#038;p=1389"},"modified":"2023-10-18T10:03:46","modified_gmt":"2023-10-18T08:03:46","slug":"kalkulator-zakupu-inwestycyjnego","status":"publish","type":"product","link":"https:\/\/moniter.pl\/blog\/produkt\/kalkulator-zakupu-inwestycyjnego\/","title":{"rendered":"Kalkulator zakupu inwestycyjnego"},"content":{"rendered":"<p>Podstaw\u0105 ka\u017cdej inwestycji jest wyliczenie jej rentowno\u015bci. Przedstawiamy autorski kalkulator zakupu mieszkania na flipa, uwzgl\u0119dniaj\u0105cy koszty jakie musisz ponie\u015b\u0107, oraz zysk jaki planujesz osi\u0105gn\u0105\u0107, oraz cen\u0119 do jakiej mo\u017cesz negocjowa\u0107 dan\u0105 nieruchomo\u015b\u0107.<\/p>\n","protected":false},"excerpt":{"rendered":"<p>Podstaw\u0105 ka\u017cdej inwestycji jest wyliczenie jej rentowno\u015bci. Przedstawiamy autorski kalkulator zakupu mieszkania na flipa, uwzgl\u0119dniaj\u0105cy koszty jakie musisz ponie\u015b\u0107, oraz zysk jaki planujesz osi\u0105gn\u0105\u0107, oraz cen\u0119 do jakiej mo\u017cesz negocjowa\u0107 dan\u0105 nieruchomo\u015b\u0107.<\/p>\n","protected":false},"featured_media":1809,"template":"","meta":[],"product_brand":[],"product_cat":[38],"product_tag":[49],"class_list":{"0":"post-1389","1":"product","2":"type-product","3":"status-publish","4":"has-post-thumbnail","6":"product_cat-edu","7":"product_tag-lead-magnet","9":"first","10":"instock","11":"downloadable","12":"virtual","13":"taxable","14":"purchasable","15":"product-type-simple"},"_links":{"self":[{"href":"https:\/\/moniter.pl\/blog\/wp-json\/wp\/v2\/product\/1389","targetHints":{"allow":["GET"]}}],"collection":[{"href":"https:\/\/moniter.pl\/blog\/wp-json\/wp\/v2\/product"}],"about":[{"href":"https:\/\/moniter.pl\/blog\/wp-json\/wp\/v2\/types\/product"}],"version-history":[{"count":1,"href":"https:\/\/moniter.pl\/blog\/wp-json\/wp\/v2\/product\/1389\/revisions"}],"predecessor-version":[{"id":4193,"href":"https:\/\/moniter.pl\/blog\/wp-json\/wp\/v2\/product\/1389\/revisions\/4193"}],"wp:featuredmedia":[{"embeddable":true,"href":"https:\/\/moniter.pl\/blog\/wp-json\/wp\/v2\/media\/1809"}],"wp:attachment":[{"href":"https:\/\/moniter.pl\/blog\/wp-json\/wp\/v2\/media?parent=1389"}],"wp:term":[{"taxonomy":"product_brand","embeddable":true,"href":"https:\/\/moniter.pl\/blog\/wp-json\/wp\/v2\/product_brand?post=1389"},{"taxonomy":"product_cat","embeddable":true,"href":"https:\/\/moniter.pl\/blog\/wp-json\/wp\/v2\/product_cat?post=1389"},{"taxonomy":"product_tag","embeddable":true,"href":"https:\/\/moniter.pl\/blog\/wp-json\/wp\/v2\/product_tag?post=1389"}],"curies":[{"name":"wp","href":"https:\/\/api.w.org\/{rel}","templated":true}]}}