{"id":1387,"date":"2022-05-27T21:17:31","date_gmt":"2022-05-27T19:17:31","guid":{"rendered":"https:\/\/moniter.pl\/blog\/?post_type=product&#038;p=1387"},"modified":"2023-10-18T10:03:54","modified_gmt":"2023-10-18T08:03:54","slug":"lista-pytan-przed-zakupem-nieruchomosci","status":"publish","type":"product","link":"https:\/\/moniter.pl\/blog\/produkt\/lista-pytan-przed-zakupem-nieruchomosci\/","title":{"rendered":"Lista pyta\u0144 &#8211; przed zakupem nieruchomo\u015bci"},"content":{"rendered":"<p>Zestaw kluczowych pyta\u0144, przygotowanych przy wsp\u00f3\u0142pracy z psychologiem, oraz stosowanych przez nas w praktyce, pozwalaj\u0105cy na nawi\u0105zanie kontaktu ze sprzedaj\u0105cym. Czasami z pozoru proste pytania mog\u0105 zaoszcz\u0119dzi\u0107 (i w praktyce zaoszcz\u0119dzi\u0142y nam), od kilku do kilkudziesi\u0119ciu tysi\u0119cy z\u0142otych na pojedynczym zakupie.<\/p>\n","protected":false},"excerpt":{"rendered":"<p>Zestaw kluczowych pyta\u0144, przygotowanych przy wsp\u00f3\u0142pracy z psychologiem, oraz stosowanych przez nas w praktyce, pozwalaj\u0105cy na nawi\u0105zanie kontaktu ze sprzedaj\u0105cym. Czasami z pozoru proste pytania mog\u0105 zaoszcz\u0119dzi\u0107 (i w praktyce zaoszcz\u0119dzi\u0142y nam), od kilku do kilkudziesi\u0119ciu tysi\u0119cy z\u0142otych na pojedynczym zakupie.<\/p>\n","protected":false},"featured_media":1810,"template":"","meta":[],"product_brand":[],"product_cat":[30],"product_tag":[49],"class_list":{"0":"post-1387","1":"product","2":"type-product","3":"status-publish","4":"has-post-thumbnail","6":"product_cat-ebook","7":"product_tag-lead-magnet","9":"first","10":"instock","11":"downloadable","12":"virtual","13":"taxable","14":"purchasable","15":"product-type-simple"},"_links":{"self":[{"href":"https:\/\/moniter.pl\/blog\/wp-json\/wp\/v2\/product\/1387","targetHints":{"allow":["GET"]}}],"collection":[{"href":"https:\/\/moniter.pl\/blog\/wp-json\/wp\/v2\/product"}],"about":[{"href":"https:\/\/moniter.pl\/blog\/wp-json\/wp\/v2\/types\/product"}],"version-history":[{"count":1,"href":"https:\/\/moniter.pl\/blog\/wp-json\/wp\/v2\/product\/1387\/revisions"}],"predecessor-version":[{"id":3897,"href":"https:\/\/moniter.pl\/blog\/wp-json\/wp\/v2\/product\/1387\/revisions\/3897"}],"wp:featuredmedia":[{"embeddable":true,"href":"https:\/\/moniter.pl\/blog\/wp-json\/wp\/v2\/media\/1810"}],"wp:attachment":[{"href":"https:\/\/moniter.pl\/blog\/wp-json\/wp\/v2\/media?parent=1387"}],"wp:term":[{"taxonomy":"product_brand","embeddable":true,"href":"https:\/\/moniter.pl\/blog\/wp-json\/wp\/v2\/product_brand?post=1387"},{"taxonomy":"product_cat","embeddable":true,"href":"https:\/\/moniter.pl\/blog\/wp-json\/wp\/v2\/product_cat?post=1387"},{"taxonomy":"product_tag","embeddable":true,"href":"https:\/\/moniter.pl\/blog\/wp-json\/wp\/v2\/product_tag?post=1387"}],"curies":[{"name":"wp","href":"https:\/\/api.w.org\/{rel}","templated":true}]}}