{"id":1353,"date":"2022-05-27T10:53:38","date_gmt":"2022-05-27T08:53:38","guid":{"rendered":"https:\/\/moniter.pl\/blog\/produkt\/album\/"},"modified":"2024-07-02T14:22:03","modified_gmt":"2024-07-02T12:22:03","slug":"ebook-jak-skutecznie-zarzadzac-najmem","status":"publish","type":"product","link":"https:\/\/moniter.pl\/blog\/produkt\/ebook-jak-skutecznie-zarzadzac-najmem\/","title":{"rendered":"Ebook &#8211; Jak skutecznie zarz\u0105dza\u0107 najmem"},"content":{"rendered":"<p>Ta ksi\u0105\u017cka jest wynikiem wieloletniej praktyki na rynku najmu we wszystkich dost\u0119pnych formach. Po ponad 9 latach wynajmowania nieruchomo\u015bci \u2013 g\u0142\u00f3wnie pokoi, postanowi\u0142em spisa\u0107 zebran\u0105 wiedz\u0119 praktyka w \u201cpigu\u0142k\u0119\u201d, kt\u00f3ra jest dedykowana nie tylko pocz\u0105tkuj\u0105cym, lecz tak\u017ce pozwala zrewidowa\u0107 model wynajmu, osobom kt\u00f3re posiadaj\u0105 ju\u017c mieszkania na wynajem.<\/p>\n","protected":false},"excerpt":{"rendered":"<p>Ta ksi\u0105\u017cka jest wynikiem wieloletniej praktyki na rynku najmu we wszystkich dost\u0119pnych formach. Po ponad 9 latach wynajmowania nieruchomo\u015bci \u2013 g\u0142\u00f3wnie pokoi, postanowi\u0142em spisa\u0107 zebran\u0105 wiedz\u0119 praktyka w \u201cpigu\u0142k\u0119\u201d, kt\u00f3ra jest dedykowana nie tylko pocz\u0105tkuj\u0105cym, lecz tak\u017ce pozwala zrewidowa\u0107 model wynajmu, osobom kt\u00f3re posiadaj\u0105 ju\u017c mieszkania na wynajem.<\/p>\n","protected":false},"featured_media":1812,"template":"","meta":[],"product_brand":[],"product_cat":[30],"product_tag":[],"class_list":{"0":"post-1353","1":"product","2":"type-product","3":"status-publish","4":"has-post-thumbnail","6":"product_cat-ebook","8":"first","9":"instock","10":"downloadable","11":"virtual","12":"taxable","13":"purchasable","14":"product-type-simple"},"_links":{"self":[{"href":"https:\/\/moniter.pl\/blog\/wp-json\/wp\/v2\/product\/1353","targetHints":{"allow":["GET"]}}],"collection":[{"href":"https:\/\/moniter.pl\/blog\/wp-json\/wp\/v2\/product"}],"about":[{"href":"https:\/\/moniter.pl\/blog\/wp-json\/wp\/v2\/types\/product"}],"version-history":[{"count":3,"href":"https:\/\/moniter.pl\/blog\/wp-json\/wp\/v2\/product\/1353\/revisions"}],"predecessor-version":[{"id":4203,"href":"https:\/\/moniter.pl\/blog\/wp-json\/wp\/v2\/product\/1353\/revisions\/4203"}],"wp:featuredmedia":[{"embeddable":true,"href":"https:\/\/moniter.pl\/blog\/wp-json\/wp\/v2\/media\/1812"}],"wp:attachment":[{"href":"https:\/\/moniter.pl\/blog\/wp-json\/wp\/v2\/media?parent=1353"}],"wp:term":[{"taxonomy":"product_brand","embeddable":true,"href":"https:\/\/moniter.pl\/blog\/wp-json\/wp\/v2\/product_brand?post=1353"},{"taxonomy":"product_cat","embeddable":true,"href":"https:\/\/moniter.pl\/blog\/wp-json\/wp\/v2\/product_cat?post=1353"},{"taxonomy":"product_tag","embeddable":true,"href":"https:\/\/moniter.pl\/blog\/wp-json\/wp\/v2\/product_tag?post=1353"}],"curies":[{"name":"wp","href":"https:\/\/api.w.org\/{rel}","templated":true}]}}