{"id":1610,"date":"2022-10-31T10:32:47","date_gmt":"2022-10-31T09:32:47","guid":{"rendered":"https:\/\/moniter.pl\/blog\/?page_id=1610"},"modified":"2022-10-31T10:50:09","modified_gmt":"2022-10-31T09:50:09","slug":"zapisz-sie-na-szkolenie-online","status":"publish","type":"page","link":"https:\/\/moniter.pl\/blog\/zapisz-sie-na-szkolenie-online\/","title":{"rendered":"Zapisz si\u0119 na szkolenie online"},"content":{"rendered":"\t\t<div data-elementor-type=\"wp-page\" data-elementor-id=\"1610\" class=\"elementor elementor-1610\" data-elementor-post-type=\"page\">\n\t\t\t\t\t\t<section class=\"elementor-section elementor-top-section elementor-element elementor-element-c43e39a elementor-section-boxed elementor-section-height-default elementor-section-height-default\" data-id=\"c43e39a\" data-element_type=\"section\">\n\t\t\t\t\t\t<div class=\"elementor-container elementor-column-gap-default\">\n\t\t\t\t\t<div class=\"elementor-column elementor-col-100 elementor-top-column elementor-element elementor-element-d6a72f1\" data-id=\"d6a72f1\" data-element_type=\"column\">\n\t\t\t<div class=\"elementor-widget-wrap elementor-element-populated\">\n\t\t\t\t\t\t<div class=\"elementor-element elementor-element-9f81688 elementor-widget elementor-widget-spacer\" data-id=\"9f81688\" data-element_type=\"widget\" data-widget_type=\"spacer.default\">\n\t\t\t\t<div class=\"elementor-widget-container\">\n\t\t\t\t\t\t\t<div class=\"elementor-spacer\">\n\t\t\t<div class=\"elementor-spacer-inner\"><\/div>\n\t\t<\/div>\n\t\t\t\t\t\t<\/div>\n\t\t\t\t<\/div>\n\t\t\t\t<div class=\"elementor-element elementor-element-f87c95d elementor-widget elementor-widget-heading\" data-id=\"f87c95d\" data-element_type=\"widget\" data-widget_type=\"heading.default\">\n\t\t\t\t<div class=\"elementor-widget-container\">\n\t\t\t\t\t<h1 class=\"elementor-heading-title elementor-size-default\">Jak tworzy\u0107 perfekcyjne gotowce inwestycyjne<\/h1>\t\t\t\t<\/div>\n\t\t\t\t<\/div>\n\t\t\t\t\t<\/div>\n\t\t<\/div>\n\t\t\t\t\t<\/div>\n\t\t<\/section>\n\t\t\t\t<section class=\"elementor-section elementor-top-section elementor-element elementor-element-24d4221 elementor-section-boxed elementor-section-height-default elementor-section-height-default\" data-id=\"24d4221\" data-element_type=\"section\">\n\t\t\t\t\t\t<div class=\"elementor-container elementor-column-gap-wide\">\n\t\t\t\t\t<div class=\"elementor-column elementor-col-66 elementor-top-column elementor-element elementor-element-693b7f6\" data-id=\"693b7f6\" data-element_type=\"column\">\n\t\t\t<div class=\"elementor-widget-wrap elementor-element-populated\">\n\t\t\t\t\t\t<div class=\"elementor-element elementor-element-4ddaa3b elementor-widget elementor-widget-video\" data-id=\"4ddaa3b\" data-element_type=\"widget\" data-settings=\"{&quot;video_type&quot;:&quot;vimeo&quot;}\" data-widget_type=\"video.default\">\n\t\t\t\t<div class=\"elementor-widget-container\">\n\t\t\t\t\t\t\t<div class=\"elementor-wrapper elementor-open-inline\">\n\t\t\t<iframe class=\"elementor-video-iframe\" allowfullscreen allow=\"clipboard-write\" title=\"vimeo Odtwarzacz filmu\" src=\"https:\/\/player.vimeo.com\/video\/765028990?color&amp;autopause=0&amp;loop=0&amp;muted=0&amp;title=1&amp;portrait=1&amp;byline=1&amp;h=c9adc4b14f#t=\"><\/iframe>\t\t<\/div>\n\t\t\t\t\t\t<\/div>\n\t\t\t\t<\/div>\n\t\t\t\t<div class=\"elementor-element elementor-element-07b809e elementor-widget elementor-widget-spacer\" data-id=\"07b809e\" data-element_type=\"widget\" data-widget_type=\"spacer.default\">\n\t\t\t\t<div class=\"elementor-widget-container\">\n\t\t\t\t\t\t\t<div class=\"elementor-spacer\">\n\t\t\t<div class=\"elementor-spacer-inner\"><\/div>\n\t\t<\/div>\n\t\t\t\t\t\t<\/div>\n\t\t\t\t<\/div>\n\t\t\t\t<div class=\"elementor-element elementor-element-7a23ebd elementor-widget elementor-widget-text-editor\" data-id=\"7a23ebd\" data-element_type=\"widget\" data-widget_type=\"text-editor.default\">\n\t\t\t\t<div class=\"elementor-widget-container\">\n\t\t\t\t\t\t\t\t\t<p><strong>Ju\u017c 9 listopada w \u015brod\u0119 o godz 20:00 zapraszam na webinar szkoleniowy<\/strong> gdzie moim go\u015bciem b\u0119dzie <strong>architekt Dawid Sagan<\/strong>, kt\u00f3ry od lat pomaga inwestorom tworzy\u0107 niezawodne gotowce.<\/p><p><strong>Dawid przygotowa\u0142 ju\u017c dla mnie ponad 30 dokumentacji gotowc\u00f3w<\/strong>, i wiele wi\u0119cej dla innych inwestor\u00f3w.<\/p><p><strong>Od 2007 prowadzi w\u0142asn\u0105 pracowni\u0119 architektoniczn\u0105.<\/strong> W tym czasie <strong>zaprojektowa\u0142 ponad 10.000 m2 powierzchni typowo pod gotowe inwestycyjne.<\/strong> Jest autorem ca\u0142o\u015bciowego podzia\u0142u 6 kamienic mieszkalnych, r\u00f3wnie\u017c pod gotowce.<\/p><p><strong>Na webinarze przedstawimy skuteczn\u0105 strategi\u0119 dzia\u0142ania z gotowcami przystosowan\u0105 do aktualnej sytuacji rynkowej.<\/strong><\/p><p>Dowiesz si\u0119:<\/p><ul><li><strong>Jak zacz\u0105\u0107 prac\u0119 z gotowcami<\/strong> (dzi\u015b trzeba inaczej podej\u015b\u0107 do tego tematu)<\/li><li><strong>Poznasz kilka sekret\u00f3w<\/strong> tworzenia koncepcji uk\u0142ad\u00f3w funkcjonalnych mieszka\u0144<\/li><li><strong>Zaawansowane techniki przygotowania ultra atrakcyjnego gotowca<\/strong>, kt\u00f3ry sprzeda si\u0119 na pniu nawet w obecnej sytuacji<\/li><li><strong>Kruczki prawne i administracyjne,<\/strong> kt\u00f3re po prostu musisz zna\u0107 dzia\u0142aj\u0105c z gotowcami<\/li><\/ul>\t\t\t\t\t\t\t\t<\/div>\n\t\t\t\t<\/div>\n\t\t\t\t\t<\/div>\n\t\t<\/div>\n\t\t\t\t<div class=\"elementor-column elementor-col-33 elementor-top-column elementor-element elementor-element-90b159b\" data-id=\"90b159b\" data-element_type=\"column\" data-settings=\"{&quot;background_background&quot;:&quot;classic&quot;}\">\n\t\t\t<div class=\"elementor-widget-wrap elementor-element-populated\">\n\t\t\t\t\t\t<div class=\"elementor-element elementor-element-c15ec44 elementor-widget elementor-widget-heading\" data-id=\"c15ec44\" data-element_type=\"widget\" data-widget_type=\"heading.default\">\n\t\t\t\t<div class=\"elementor-widget-container\">\n\t\t\t\t\t<h2 class=\"elementor-heading-title elementor-size-default\">Webinar z Go\u015bciem online<br><br>9 listopad 2022 <br>godz 20:00<\/h2>\t\t\t\t<\/div>\n\t\t\t\t<\/div>\n\t\t\t\t<div class=\"elementor-element elementor-element-7003e51 elementor-widget elementor-widget-text-editor\" data-id=\"7003e51\" data-element_type=\"widget\" data-widget_type=\"text-editor.default\">\n\t\t\t\t<div class=\"elementor-widget-container\">\n\t\t\t\t\t\t\t\t\t<p>Zapraszam na zamkni\u0119te szkolenie online &#8211; jak tworzy\u0107 perfekcyjne gotowce inwestycyjne. Moim go\u015bciem b\u0119dzie architekt Dawid Sagan, kt\u00f3ry ma na koncie ju\u017c ponad 10 000 m2 zaprojektowanych gotowc\u00f3w.\u00a0<\/p>\t\t\t\t\t\t\t\t<\/div>\n\t\t\t\t<\/div>\n\t\t\t\t<div class=\"elementor-element elementor-element-4d2f93c elementor-widget elementor-widget-shortcode\" data-id=\"4d2f93c\" data-element_type=\"widget\" data-widget_type=\"shortcode.default\">\n\t\t\t\t<div class=\"elementor-widget-container\">\n\t\t\t\t\t\t\t<div class=\"elementor-shortcode\">[activecampaign form=38 css=1]<\/div>\n\t\t\t\t\t\t<\/div>\n\t\t\t\t<\/div>\n\t\t\t\t\t<\/div>\n\t\t<\/div>\n\t\t\t\t\t<\/div>\n\t\t<\/section>\n\t\t\t\t<section class=\"elementor-section elementor-top-section elementor-element elementor-element-2479e36 elementor-section-boxed elementor-section-height-default elementor-section-height-default\" data-id=\"2479e36\" data-element_type=\"section\">\n\t\t\t\t\t\t<div class=\"elementor-container elementor-column-gap-default\">\n\t\t\t\t\t<div class=\"elementor-column elementor-col-100 elementor-top-column elementor-element elementor-element-fa6246e\" data-id=\"fa6246e\" data-element_type=\"column\">\n\t\t\t<div class=\"elementor-widget-wrap elementor-element-populated\">\n\t\t\t\t\t\t\t<\/div>\n\t\t<\/div>\n\t\t\t\t\t<\/div>\n\t\t<\/section>\n\t\t\t\t<section class=\"elementor-section elementor-top-section elementor-element elementor-element-d5933ed elementor-section-boxed elementor-section-height-default elementor-section-height-default\" data-id=\"d5933ed\" data-element_type=\"section\">\n\t\t\t\t\t\t<div class=\"elementor-container elementor-column-gap-wide\">\n\t\t\t\t\t<div class=\"elementor-column elementor-col-100 elementor-top-column elementor-element elementor-element-a2e2b30\" data-id=\"a2e2b30\" data-element_type=\"column\" data-settings=\"{&quot;background_background&quot;:&quot;gradient&quot;}\">\n\t\t\t<div class=\"elementor-widget-wrap elementor-element-populated\">\n\t\t\t\t\t\t<div class=\"elementor-element elementor-element-2c4f5fd elementor-widget elementor-widget-heading\" data-id=\"2c4f5fd\" data-element_type=\"widget\" data-widget_type=\"heading.default\">\n\t\t\t\t<div class=\"elementor-widget-container\">\n\t\t\t\t\t<h2 class=\"elementor-heading-title elementor-size-default\">M\u00f3j go\u015b\u0107 arch. Dawid Sagan<\/h2>\t\t\t\t<\/div>\n\t\t\t\t<\/div>\n\t\t\t\t<section class=\"elementor-section elementor-inner-section elementor-element elementor-element-98c0cc4 elementor-section-boxed elementor-section-height-default elementor-section-height-default\" data-id=\"98c0cc4\" data-element_type=\"section\">\n\t\t\t\t\t\t<div class=\"elementor-container elementor-column-gap-default\">\n\t\t\t\t\t<div class=\"elementor-column elementor-col-50 elementor-inner-column elementor-element elementor-element-e9b362f\" data-id=\"e9b362f\" data-element_type=\"column\">\n\t\t\t<div class=\"elementor-widget-wrap elementor-element-populated\">\n\t\t\t\t\t\t<div class=\"elementor-element elementor-element-1e4f6b2 elementor-widget elementor-widget-image\" data-id=\"1e4f6b2\" data-element_type=\"widget\" data-widget_type=\"image.default\">\n\t\t\t\t<div class=\"elementor-widget-container\">\n\t\t\t\t\t\t\t\t\t\t\t\t\t\t\t<img fetchpriority=\"high\" decoding=\"async\" width=\"800\" height=\"1067\" src=\"https:\/\/moniter.pl\/blog\/wp-content\/uploads\/2022\/10\/WhatsApp-Image-2022-10-31-at-08.52.57-900x1200.jpeg\" class=\"attachment-large size-large wp-image-1613\" alt=\"\" srcset=\"https:\/\/moniter.pl\/blog\/wp-content\/uploads\/2022\/10\/WhatsApp-Image-2022-10-31-at-08.52.57-900x1200.jpeg 900w, https:\/\/moniter.pl\/blog\/wp-content\/uploads\/2022\/10\/WhatsApp-Image-2022-10-31-at-08.52.57-300x400.jpeg 300w, https:\/\/moniter.pl\/blog\/wp-content\/uploads\/2022\/10\/WhatsApp-Image-2022-10-31-at-08.52.57-768x1024.jpeg 768w, https:\/\/moniter.pl\/blog\/wp-content\/uploads\/2022\/10\/WhatsApp-Image-2022-10-31-at-08.52.57-600x800.jpeg 600w, https:\/\/moniter.pl\/blog\/wp-content\/uploads\/2022\/10\/WhatsApp-Image-2022-10-31-at-08.52.57.jpeg 960w\" sizes=\"(max-width: 800px) 100vw, 800px\" \/>\t\t\t\t\t\t\t\t\t\t\t\t\t\t\t<\/div>\n\t\t\t\t<\/div>\n\t\t\t\t\t<\/div>\n\t\t<\/div>\n\t\t\t\t<div class=\"elementor-column elementor-col-50 elementor-inner-column elementor-element elementor-element-bacd0d9\" data-id=\"bacd0d9\" data-element_type=\"column\">\n\t\t\t<div class=\"elementor-widget-wrap elementor-element-populated\">\n\t\t\t\t\t\t<div class=\"elementor-element elementor-element-418032d elementor-widget elementor-widget-text-editor\" data-id=\"418032d\" data-element_type=\"widget\" data-widget_type=\"text-editor.default\">\n\t\t\t\t<div class=\"elementor-widget-container\">\n\t\t\t\t\t\t\t\t\t<p><b>Dawid Sagan <\/b>z wykszta\u0142cenia architekt od blisko 2 dekad zajmuj\u0105cy si\u0119 projektowaniem architektonicznym, a od ponad roku aktywnie inwestuje w nieruchomo\u015bci.<\/p><p><b>Autor koncepcji<\/b> oraz projekt\u00f3w budowlanych podzia\u0142\u00f3w inwestycyjnych <b>6 kamienic mieszkalnych<\/b> oraz wielu mieszka\u0144 i dom\u00f3w.<\/p><p>Od blisko 20 lat zajmuje si\u0119 projektowaniem architektonicznym a od 2007 w\u0142a\u015bciciel w\u0142asnej pracowni architektonicznej.<\/p><p>Ponad 10.000m2 powierzchni mieszka\u0144 zaprojektowanych pod gotowce inwestycyjne. Po godzinach: Prywatnie m\u0105\u017c oraz ojciec dw\u00f3jki dzieci. Po godzinach zapalony tancerz<\/p>\t\t\t\t\t\t\t\t<\/div>\n\t\t\t\t<\/div>\n\t\t\t\t\t<\/div>\n\t\t<\/div>\n\t\t\t\t\t<\/div>\n\t\t<\/section>\n\t\t\t\t\t<\/div>\n\t\t<\/div>\n\t\t\t\t\t<\/div>\n\t\t<\/section>\n\t\t\t\t<section class=\"elementor-section elementor-top-section elementor-element elementor-element-3775cfd elementor-section-boxed elementor-section-height-default elementor-section-height-default\" data-id=\"3775cfd\" data-element_type=\"section\">\n\t\t\t\t\t\t<div class=\"elementor-container elementor-column-gap-default\">\n\t\t\t\t\t<div class=\"elementor-column elementor-col-100 elementor-top-column elementor-element elementor-element-f61a62f\" data-id=\"f61a62f\" data-element_type=\"column\">\n\t\t\t<div class=\"elementor-widget-wrap elementor-element-populated\">\n\t\t\t\t\t\t<div class=\"elementor-element elementor-element-c41b160 elementor-widget elementor-widget-spacer\" data-id=\"c41b160\" data-element_type=\"widget\" data-widget_type=\"spacer.default\">\n\t\t\t\t<div class=\"elementor-widget-container\">\n\t\t\t\t\t\t\t<div class=\"elementor-spacer\">\n\t\t\t<div class=\"elementor-spacer-inner\"><\/div>\n\t\t<\/div>\n\t\t\t\t\t\t<\/div>\n\t\t\t\t<\/div>\n\t\t\t\t\t<\/div>\n\t\t<\/div>\n\t\t\t\t\t<\/div>\n\t\t<\/section>\n\t\t\t\t<section class=\"elementor-section elementor-top-section elementor-element elementor-element-5953fa9 elementor-section-boxed elementor-section-height-default elementor-section-height-default\" data-id=\"5953fa9\" data-element_type=\"section\">\n\t\t\t\t\t\t<div class=\"elementor-container elementor-column-gap-default\">\n\t\t\t\t\t<div class=\"elementor-column elementor-col-100 elementor-top-column elementor-element elementor-element-7b359ef\" data-id=\"7b359ef\" data-element_type=\"column\" data-settings=\"{&quot;background_background&quot;:&quot;gradient&quot;}\">\n\t\t\t<div class=\"elementor-widget-wrap elementor-element-populated\">\n\t\t\t\t\t\t<div class=\"elementor-element elementor-element-a1ba7e9 elementor-widget elementor-widget-heading\" data-id=\"a1ba7e9\" data-element_type=\"widget\" data-widget_type=\"heading.default\">\n\t\t\t\t<div class=\"elementor-widget-container\">\n\t\t\t\t\t<h2 class=\"elementor-heading-title elementor-size-default\">Prowadz\u0105cy: Przemys\u0142aw Pamu\u0142a<br><\/h2>\t\t\t\t<\/div>\n\t\t\t\t<\/div>\n\t\t\t\t<section class=\"elementor-section elementor-inner-section elementor-element elementor-element-c34835c elementor-section-boxed elementor-section-height-default elementor-section-height-default\" data-id=\"c34835c\" data-element_type=\"section\">\n\t\t\t\t\t\t<div class=\"elementor-container elementor-column-gap-default\">\n\t\t\t\t\t<div class=\"elementor-column elementor-col-50 elementor-inner-column elementor-element elementor-element-5ddab91\" data-id=\"5ddab91\" data-element_type=\"column\">\n\t\t\t<div class=\"elementor-widget-wrap elementor-element-populated\">\n\t\t\t\t\t\t<div class=\"elementor-element elementor-element-dda6a67 elementor-widget elementor-widget-image\" data-id=\"dda6a67\" data-element_type=\"widget\" data-widget_type=\"image.default\">\n\t\t\t\t<div class=\"elementor-widget-container\">\n\t\t\t\t\t\t\t\t\t\t\t\t\t\t\t<img decoding=\"async\" width=\"691\" height=\"691\" src=\"https:\/\/moniter.pl\/blog\/wp-content\/uploads\/2022\/10\/foto-przemek.jpg\" class=\"attachment-large size-large wp-image-1623\" alt=\"\" srcset=\"https:\/\/moniter.pl\/blog\/wp-content\/uploads\/2022\/10\/foto-przemek.jpg 691w, https:\/\/moniter.pl\/blog\/wp-content\/uploads\/2022\/10\/foto-przemek-400x400.jpg 400w, https:\/\/moniter.pl\/blog\/wp-content\/uploads\/2022\/10\/foto-przemek-150x150.jpg 150w, https:\/\/moniter.pl\/blog\/wp-content\/uploads\/2022\/10\/foto-przemek-300x300.jpg 300w, https:\/\/moniter.pl\/blog\/wp-content\/uploads\/2022\/10\/foto-przemek-600x600.jpg 600w, https:\/\/moniter.pl\/blog\/wp-content\/uploads\/2022\/10\/foto-przemek-100x100.jpg 100w\" sizes=\"(max-width: 691px) 100vw, 691px\" \/>\t\t\t\t\t\t\t\t\t\t\t\t\t\t\t<\/div>\n\t\t\t\t<\/div>\n\t\t\t\t\t<\/div>\n\t\t<\/div>\n\t\t\t\t<div class=\"elementor-column elementor-col-50 elementor-inner-column elementor-element elementor-element-663a43f\" data-id=\"663a43f\" data-element_type=\"column\">\n\t\t\t<div class=\"elementor-widget-wrap elementor-element-populated\">\n\t\t\t\t\t\t<div class=\"elementor-element elementor-element-b896c0c elementor-widget elementor-widget-text-editor\" data-id=\"b896c0c\" data-element_type=\"widget\" data-widget_type=\"text-editor.default\">\n\t\t\t\t<div class=\"elementor-widget-container\">\n\t\t\t\t\t\t\t\t\t<p><em><strong>CEO Moniter.pl<\/strong>, seryjny inwestor w bran\u017cy nieruchomo\u015bci<\/em><\/p><p><em>Od 14 lat prowadzi projekty biznesowe, a <strong>od ponad 8 lat zajmuje si\u0119 tematem nieruchomo\u015bci<\/strong>.<\/em><\/p><p><em>Portfel nieruchomo\u015bci zacz\u0105\u0142 rozwija\u0107 od 2014 roku, gdzie rynek o\u017cywa\u0142 od czasu kryzysu.<\/em><\/p><p><em><strong>Od tego czasu przeprowadzi\u0142 dziesi\u0105tki transakcji,<\/strong> oraz spr\u00f3bowa\u0142 praktycznie ka\u017cdej opcji inwestycyjnej tj. flipy (szybkie, powolne, posprz\u0105tane, wyremontowane), gotowce inwestycyjne, podnajem, wsp\u00f3\u0142prace z inwestorami, rynek pierwotny, oraz zakupy i remonty kamienic.<\/em><\/p><p><em><strong>Posiada sw\u00f3j w\u0142asny portfel inwestycyjny, <\/strong>oraz wsp\u00f3\u0142pracuje z inwestorami z ca\u0142ej polski. <strong>Wsp\u00f3\u0142tw\u00f3rca aplikacji moniter,<\/strong> kt\u00f3ra zosta\u0142a stworzona i rozwijana o w\u0142asne potrzeby. Obecne zaanga\u017cowany w wydanie wersji <strong>V3 monitera.<\/strong><\/em><\/p>\t\t\t\t\t\t\t\t<\/div>\n\t\t\t\t<\/div>\n\t\t\t\t\t<\/div>\n\t\t<\/div>\n\t\t\t\t\t<\/div>\n\t\t<\/section>\n\t\t\t\t\t<\/div>\n\t\t<\/div>\n\t\t\t\t\t<\/div>\n\t\t<\/section>\n\t\t\t\t<section class=\"elementor-section elementor-top-section elementor-element elementor-element-97d415f elementor-section-boxed elementor-section-height-default elementor-section-height-default\" data-id=\"97d415f\" data-element_type=\"section\">\n\t\t\t\t\t\t<div class=\"elementor-container elementor-column-gap-default\">\n\t\t\t\t\t<div class=\"elementor-column elementor-col-100 elementor-top-column elementor-element elementor-element-879bc96\" data-id=\"879bc96\" data-element_type=\"column\">\n\t\t\t<div class=\"elementor-widget-wrap elementor-element-populated\">\n\t\t\t\t\t\t<div class=\"elementor-element elementor-element-281d7a7 elementor-widget elementor-widget-spacer\" data-id=\"281d7a7\" data-element_type=\"widget\" data-widget_type=\"spacer.default\">\n\t\t\t\t<div class=\"elementor-widget-container\">\n\t\t\t\t\t\t\t<div class=\"elementor-spacer\">\n\t\t\t<div class=\"elementor-spacer-inner\"><\/div>\n\t\t<\/div>\n\t\t\t\t\t\t<\/div>\n\t\t\t\t<\/div>\n\t\t\t\t\t<\/div>\n\t\t<\/div>\n\t\t\t\t\t<\/div>\n\t\t<\/section>\n\t\t\t\t<section class=\"elementor-section elementor-top-section elementor-element elementor-element-8f900a8 elementor-section-boxed elementor-section-height-default elementor-section-height-default\" data-id=\"8f900a8\" data-element_type=\"section\">\n\t\t\t\t\t\t<div class=\"elementor-container elementor-column-gap-default\">\n\t\t\t\t\t<div class=\"elementor-column elementor-col-100 elementor-top-column elementor-element elementor-element-ced57b9\" data-id=\"ced57b9\" data-element_type=\"column\" data-settings=\"{&quot;background_background&quot;:&quot;classic&quot;}\">\n\t\t\t<div class=\"elementor-widget-wrap elementor-element-populated\">\n\t\t\t\t\t\t<div class=\"elementor-element elementor-element-5ccbfe3 elementor-widget elementor-widget-heading\" data-id=\"5ccbfe3\" data-element_type=\"widget\" data-widget_type=\"heading.default\">\n\t\t\t\t<div class=\"elementor-widget-container\">\n\t\t\t\t\t<h2 class=\"elementor-heading-title elementor-size-default\">KOD RABATOWY<\/h2>\t\t\t\t<\/div>\n\t\t\t\t<\/div>\n\t\t\t\t<section class=\"elementor-section elementor-inner-section elementor-element elementor-element-f2be86c elementor-section-boxed elementor-section-height-default elementor-section-height-default\" data-id=\"f2be86c\" data-element_type=\"section\">\n\t\t\t\t\t\t<div class=\"elementor-container elementor-column-gap-default\">\n\t\t\t\t\t<div class=\"elementor-column elementor-col-50 elementor-inner-column elementor-element elementor-element-5793e5f\" data-id=\"5793e5f\" data-element_type=\"column\">\n\t\t\t<div class=\"elementor-widget-wrap elementor-element-populated\">\n\t\t\t\t\t\t<div class=\"elementor-element elementor-element-efbed57 elementor-widget elementor-widget-image\" data-id=\"efbed57\" data-element_type=\"widget\" data-widget_type=\"image.default\">\n\t\t\t\t<div class=\"elementor-widget-container\">\n\t\t\t\t\t\t\t\t\t\t\t\t\t\t\t<img decoding=\"async\" width=\"800\" height=\"533\" src=\"https:\/\/moniter.pl\/blog\/wp-content\/uploads\/2022\/10\/v3-moniter-1200x800.jpg\" class=\"attachment-large size-large wp-image-1624\" alt=\"\" srcset=\"https:\/\/moniter.pl\/blog\/wp-content\/uploads\/2022\/10\/v3-moniter-1200x800.jpg 1200w, https:\/\/moniter.pl\/blog\/wp-content\/uploads\/2022\/10\/v3-moniter-400x267.jpg 400w, https:\/\/moniter.pl\/blog\/wp-content\/uploads\/2022\/10\/v3-moniter-768x512.jpg 768w, https:\/\/moniter.pl\/blog\/wp-content\/uploads\/2022\/10\/v3-moniter-1536x1024.jpg 1536w, https:\/\/moniter.pl\/blog\/wp-content\/uploads\/2022\/10\/v3-moniter-600x400.jpg 600w, https:\/\/moniter.pl\/blog\/wp-content\/uploads\/2022\/10\/v3-moniter.jpg 2000w\" sizes=\"(max-width: 800px) 100vw, 800px\" \/>\t\t\t\t\t\t\t\t\t\t\t\t\t\t\t<\/div>\n\t\t\t\t<\/div>\n\t\t\t\t\t<\/div>\n\t\t<\/div>\n\t\t\t\t<div class=\"elementor-column elementor-col-50 elementor-inner-column elementor-element elementor-element-949521c\" data-id=\"949521c\" data-element_type=\"column\">\n\t\t\t<div class=\"elementor-widget-wrap elementor-element-populated\">\n\t\t\t\t\t\t<div class=\"elementor-element elementor-element-b9d593b elementor-widget elementor-widget-text-editor\" data-id=\"b9d593b\" data-element_type=\"widget\" data-widget_type=\"text-editor.default\">\n\t\t\t\t<div class=\"elementor-widget-container\">\n\t\t\t\t\t\t\t\t\t<p><strong>Szkolenie<i> b\u0119dzie zamkni\u0119te tylko <span style=\"color: #3366ff;\">dla aktywnych u\u017cytkownik\u00f3w Monitera<\/span><\/i><\/strong><\/p><p><i>Je\u015bli nie masz aktywnego dost\u0119pu, mo\u017cesz skorzysta\u0107 z <strong>kodu Dawida na 25% zni\u017cki<\/strong> na przed\u0142u\u017cenie lub dost\u0119p do aplikacji Moniter.pl:<\/i><\/p><h1 style=\"text-align: center;\"><span style=\"color: #3366ff;\"><b>DAWID25<\/b><\/span><\/h1><p><b><i><br \/>Lub skorzystaj z linku:\u00a0\u00a0<\/i><\/b><a style=\"background-color: #deecff;\" href=\"https:\/\/moniter.pl\/mozliwosci\/dawid25\" target=\"_blank\" rel=\"noopener\">https:\/\/moniter.pl\/mozliwosci\/dawid25<\/a><\/p><p><b><i>Kod jest wa\u017cny do 09.11.2022<\/i><\/b><\/p><div>\u00a0<\/div>\t\t\t\t\t\t\t\t<\/div>\n\t\t\t\t<\/div>\n\t\t\t\t\t<\/div>\n\t\t<\/div>\n\t\t\t\t\t<\/div>\n\t\t<\/section>\n\t\t\t\t\t<\/div>\n\t\t<\/div>\n\t\t\t\t\t<\/div>\n\t\t<\/section>\n\t\t\t\t<section class=\"elementor-section elementor-top-section elementor-element elementor-element-f796cbf elementor-section-boxed elementor-section-height-default elementor-section-height-default\" data-id=\"f796cbf\" data-element_type=\"section\">\n\t\t\t\t\t\t<div class=\"elementor-container elementor-column-gap-default\">\n\t\t\t\t\t<div class=\"elementor-column elementor-col-100 elementor-top-column elementor-element elementor-element-48c97b7\" data-id=\"48c97b7\" data-element_type=\"column\">\n\t\t\t<div class=\"elementor-widget-wrap elementor-element-populated\">\n\t\t\t\t\t\t<div class=\"elementor-element elementor-element-42d1560 elementor-widget elementor-widget-spacer\" data-id=\"42d1560\" data-element_type=\"widget\" data-widget_type=\"spacer.default\">\n\t\t\t\t<div class=\"elementor-widget-container\">\n\t\t\t\t\t\t\t<div class=\"elementor-spacer\">\n\t\t\t<div class=\"elementor-spacer-inner\"><\/div>\n\t\t<\/div>\n\t\t\t\t\t\t<\/div>\n\t\t\t\t<\/div>\n\t\t\t\t\t<\/div>\n\t\t<\/div>\n\t\t\t\t\t<\/div>\n\t\t<\/section>\n\t\t\t\t<\/div>\n\t\t","protected":false},"excerpt":{"rendered":"<p>Jak tworzy\u0107 perfekcyjne gotowce inwestycyjne Ju\u017c 9 listopada w \u015brod\u0119 o godz 20:00 zapraszam na webinar szkoleniowy gdzie moim go\u015bciem b\u0119dzie architekt Dawid Sagan, kt\u00f3ry od lat pomaga inwestorom tworzy\u0107 niezawodne gotowce. Dawid przygotowa\u0142 ju\u017c dla mnie ponad 30 dokumentacji gotowc\u00f3w, i wiele wi\u0119cej dla innych inwestor\u00f3w. Od 2007 prowadzi w\u0142asn\u0105 pracowni\u0119 architektoniczn\u0105. W tym [&hellip;]<\/p>\n","protected":false},"author":1,"featured_media":0,"parent":0,"menu_order":0,"comment_status":"closed","ping_status":"closed","template":"","meta":{"footnotes":""},"class_list":["post-1610","page","type-page","status-publish","hentry"],"_links":{"self":[{"href":"https:\/\/moniter.pl\/blog\/wp-json\/wp\/v2\/pages\/1610","targetHints":{"allow":["GET"]}}],"collection":[{"href":"https:\/\/moniter.pl\/blog\/wp-json\/wp\/v2\/pages"}],"about":[{"href":"https:\/\/moniter.pl\/blog\/wp-json\/wp\/v2\/types\/page"}],"author":[{"embeddable":true,"href":"https:\/\/moniter.pl\/blog\/wp-json\/wp\/v2\/users\/1"}],"replies":[{"embeddable":true,"href":"https:\/\/moniter.pl\/blog\/wp-json\/wp\/v2\/comments?post=1610"}],"version-history":[{"count":23,"href":"https:\/\/moniter.pl\/blog\/wp-json\/wp\/v2\/pages\/1610\/revisions"}],"predecessor-version":[{"id":1637,"href":"https:\/\/moniter.pl\/blog\/wp-json\/wp\/v2\/pages\/1610\/revisions\/1637"}],"wp:attachment":[{"href":"https:\/\/moniter.pl\/blog\/wp-json\/wp\/v2\/media?parent=1610"}],"curies":[{"name":"wp","href":"https:\/\/api.w.org\/{rel}","templated":true}]}}